{"id":3234,"date":"2024-08-28T14:36:58","date_gmt":"2024-08-28T12:36:58","guid":{"rendered":"https:\/\/domainedesa.fr\/?page_id=3234"},"modified":"2025-08-10T16:05:12","modified_gmt":"2025-08-10T14:05:12","slug":"presentation-de-lassociation","status":"publish","type":"page","link":"https:\/\/domainedesa.fr\/index.php\/presentation-de-lassociation\/","title":{"rendered":""},"content":{"rendered":"\t\t<div data-elementor-type=\"wp-page\" data-elementor-id=\"3234\" class=\"elementor elementor-3234\" data-elementor-settings=\"[]\">\n\t\t\t\t\t\t\t<div class=\"elementor-section-wrap\">\n\t\t\t\t\t\t\t<section class=\"elementor-section elementor-top-section elementor-element elementor-element-371cde0 elementor-section-boxed elementor-section-height-default elementor-section-height-default\" data-id=\"371cde0\" data-element_type=\"section\">\n\t\t\t\t\t\t<div class=\"elementor-container elementor-column-gap-default\">\n\t\t\t\t\t<div class=\"elementor-column elementor-col-100 elementor-top-column elementor-element elementor-element-c3881e1\" data-id=\"c3881e1\" data-element_type=\"column\">\n\t\t\t<div class=\"elementor-widget-wrap elementor-element-populated\">\n\t\t\t\t\t\t\t\t<div class=\"elementor-element elementor-element-a3fe660 elementor-widget elementor-widget-image\" data-id=\"a3fe660\" data-element_type=\"widget\" data-widget_type=\"image.default\">\n\t\t\t\t<div class=\"elementor-widget-container\">\n\t\t\t\t\t\t\t\t\t\t\t\t\t\t\t<img width=\"2048\" height=\"1536\" src=\"https:\/\/domainedesa.fr\/wp-content\/uploads\/2024\/08\/342708310_262409602922555_5437222240655834022_n.jpg\" class=\"attachment-full size-full\" alt=\"\" loading=\"lazy\" srcset=\"https:\/\/domainedesa.fr\/wp-content\/uploads\/2024\/08\/342708310_262409602922555_5437222240655834022_n.jpg 2048w, https:\/\/domainedesa.fr\/wp-content\/uploads\/2024\/08\/342708310_262409602922555_5437222240655834022_n-300x225.jpg 300w, https:\/\/domainedesa.fr\/wp-content\/uploads\/2024\/08\/342708310_262409602922555_5437222240655834022_n-1024x768.jpg 1024w, https:\/\/domainedesa.fr\/wp-content\/uploads\/2024\/08\/342708310_262409602922555_5437222240655834022_n-768x576.jpg 768w, https:\/\/domainedesa.fr\/wp-content\/uploads\/2024\/08\/342708310_262409602922555_5437222240655834022_n-1536x1152.jpg 1536w\" sizes=\"(max-width: 2048px) 100vw, 2048px\" \/>\t\t\t\t\t\t\t\t\t\t\t\t\t\t\t<\/div>\n\t\t\t\t<\/div>\n\t\t\t\t<div class=\"elementor-element elementor-element-f6d4fdb elementor-widget elementor-widget-heading\" data-id=\"f6d4fdb\" data-element_type=\"widget\" data-widget_type=\"heading.default\">\n\t\t\t\t<div class=\"elementor-widget-container\">\n\t\t\t<h2 class=\"elementor-heading-title elementor-size-xxl\">Pr\u00e9sentation du Collectif du Domaine des A<\/h2>\t\t<\/div>\n\t\t\t\t<\/div>\n\t\t\t\t\t<\/div>\n\t\t<\/div>\n\t\t\t\t\t\t\t<\/div>\n\t\t<\/section>\n\t\t\t\t<section class=\"elementor-section elementor-top-section elementor-element elementor-element-42d7c18 elementor-section-boxed elementor-section-height-default elementor-section-height-default\" data-id=\"42d7c18\" data-element_type=\"section\">\n\t\t\t\t\t\t<div class=\"elementor-container elementor-column-gap-default\">\n\t\t\t\t\t<div class=\"elementor-column elementor-col-100 elementor-top-column elementor-element elementor-element-eaee690\" data-id=\"eaee690\" data-element_type=\"column\">\n\t\t\t<div class=\"elementor-widget-wrap elementor-element-populated\">\n\t\t\t\t\t\t\t\t<section class=\"elementor-section elementor-inner-section elementor-element elementor-element-fbdf8de elementor-section-boxed elementor-section-height-default elementor-section-height-default\" data-id=\"fbdf8de\" data-element_type=\"section\">\n\t\t\t\t\t\t<div class=\"elementor-container elementor-column-gap-default\">\n\t\t\t\t\t<div class=\"elementor-column elementor-col-50 elementor-inner-column elementor-element elementor-element-890bd1c\" data-id=\"890bd1c\" data-element_type=\"column\">\n\t\t\t<div class=\"elementor-widget-wrap elementor-element-populated\">\n\t\t\t\t\t\t\t\t<div class=\"elementor-element elementor-element-66870b8 elementor-widget__width-auto elementor-absolute elementor-widget elementor-widget-image\" data-id=\"66870b8\" data-element_type=\"widget\" data-settings=\"{&quot;_position&quot;:&quot;absolute&quot;}\" data-widget_type=\"image.default\">\n\t\t\t\t<div class=\"elementor-widget-container\">\n\t\t\t\t\t\t\t\t\t\t\t\t\t\t\t<img width=\"512\" height=\"515\" src=\"https:\/\/domainedesa.fr\/wp-content\/uploads\/2024\/08\/23658773_963757640439467_7264939676371514770_n.png\" class=\"attachment-full size-full\" alt=\"\" loading=\"lazy\" srcset=\"https:\/\/domainedesa.fr\/wp-content\/uploads\/2024\/08\/23658773_963757640439467_7264939676371514770_n.png 512w, https:\/\/domainedesa.fr\/wp-content\/uploads\/2024\/08\/23658773_963757640439467_7264939676371514770_n-298x300.png 298w, https:\/\/domainedesa.fr\/wp-content\/uploads\/2024\/08\/23658773_963757640439467_7264939676371514770_n-150x150.png 150w\" sizes=\"(max-width: 512px) 100vw, 512px\" \/>\t\t\t\t\t\t\t\t\t\t\t\t\t\t\t<\/div>\n\t\t\t\t<\/div>\n\t\t\t\t\t<\/div>\n\t\t<\/div>\n\t\t\t\t<div class=\"elementor-column elementor-col-50 elementor-inner-column elementor-element elementor-element-86221c0\" data-id=\"86221c0\" data-element_type=\"column\">\n\t\t\t<div class=\"elementor-widget-wrap elementor-element-populated\">\n\t\t\t\t\t\t\t\t<div class=\"elementor-element elementor-element-14de2ff elementor-widget elementor-widget-text-editor\" data-id=\"14de2ff\" data-element_type=\"widget\" data-widget_type=\"text-editor.default\">\n\t\t\t\t<div class=\"elementor-widget-container\">\n\t\t\t\t\t\t\t<p>\u00a0<\/p><p>Le Collectif du Domaine des A est l&rsquo;association sportive de loi 1901 du centre \u00e9questre.<\/p><p>N\u00e9e en novembre 2016 de la volont\u00e9 d\u2019un groupe d\u2019amis d\u2019aider Ana\u00efs et son \u00e9tablissement \u00e0 se d\u00e9velopper, se faire conna\u00eetre,\u2026 l\u2019association a pour objet de :<br \/>\u00a0\u00a0\u00a0\u00a0 &#8211; Promouvoir une \u00e9quitation respectueuse des animaux et de l\u2019environnement valorisant l\u2019espace prot\u00e9g\u00e9.<br \/>\u00a0\u00a0\u00a0\u00a0 &#8211; Organiser des activit\u00e9s et animations en relation avec le Domaine des \u00ab A \u00bb.<\/p><p>Compos\u00e9e d\u2019un bureau : Pr\u00e9sident, Tr\u00e9sorier, Secr\u00e9taire ainsi que de membres d&rsquo;honneur, de membres bienfaiteurs et de membres actifs ou adh\u00e9rents, l\u2019association d\u00e9nombre en 2024 180 adh\u00e9rents tous pr\u00eats \u00e0 se retrousser les manches face \u00e0 un programme riche et \u00e9clectique.<\/p><p>Les efforts d\u00e9ploy\u00e9s par l\u2019ensemble de l\u2019\u00e9quipe permettent de d\u00e9gager des b\u00e9n\u00e9fices, qui comme convenu dans les statuts, sont employ\u00e9s afin de mettre en \u0153uvre de nouvelles manifestations, d\u2019investir dans du mat\u00e9riel pour le travail et le bien-\u00eatre au centre \u00e9questre mais \u00e9galement de participer au sauvetage de poneys et chevaux destin\u00e9s \u00e0 un funeste sort : 2017, Autun, 2019 Pinhao et 2022 Imite Moi.<\/p>\t\t\t\t\t\t<\/div>\n\t\t\t\t<\/div>\n\t\t\t\t\t<\/div>\n\t\t<\/div>\n\t\t\t\t\t\t\t<\/div>\n\t\t<\/section>\n\t\t\t\t\t<\/div>\n\t\t<\/div>\n\t\t\t\t\t\t\t<\/div>\n\t\t<\/section>\n\t\t\t\t<section class=\"elementor-section elementor-top-section elementor-element elementor-element-c03aeca elementor-section-boxed elementor-section-height-default elementor-section-height-default\" data-id=\"c03aeca\" data-element_type=\"section\">\n\t\t\t\t\t\t<div class=\"elementor-container elementor-column-gap-default\">\n\t\t\t\t\t<div class=\"elementor-column elementor-col-100 elementor-top-column elementor-element elementor-element-25a02e5\" data-id=\"25a02e5\" data-element_type=\"column\">\n\t\t\t<div class=\"elementor-widget-wrap elementor-element-populated\">\n\t\t\t\t\t\t\t\t\t<\/div>\n\t\t<\/div>\n\t\t\t\t\t\t\t<\/div>\n\t\t<\/section>\n\t\t\t\t<section class=\"elementor-section elementor-top-section elementor-element elementor-element-d0f0b34 elementor-section-boxed elementor-section-height-default elementor-section-height-default\" data-id=\"d0f0b34\" data-element_type=\"section\">\n\t\t\t\t\t\t<div class=\"elementor-container elementor-column-gap-default\">\n\t\t\t\t\t<div class=\"elementor-column elementor-col-100 elementor-top-column elementor-element elementor-element-103db22\" data-id=\"103db22\" data-element_type=\"column\">\n\t\t\t<div class=\"elementor-widget-wrap elementor-element-populated\">\n\t\t\t\t\t\t\t\t<section class=\"elementor-section elementor-inner-section elementor-element elementor-element-d627c03 elementor-section-boxed elementor-section-height-default elementor-section-height-default\" data-id=\"d627c03\" data-element_type=\"section\">\n\t\t\t\t\t\t<div class=\"elementor-container elementor-column-gap-default\">\n\t\t\t\t\t<div class=\"elementor-column elementor-col-50 elementor-inner-column elementor-element elementor-element-bc90f8d\" data-id=\"bc90f8d\" data-element_type=\"column\">\n\t\t\t<div class=\"elementor-widget-wrap elementor-element-populated\">\n\t\t\t\t\t\t\t\t<div class=\"elementor-element elementor-element-d127640 elementor-widget elementor-widget-heading\" data-id=\"d127640\" data-element_type=\"widget\" data-widget_type=\"heading.default\">\n\t\t\t\t<div class=\"elementor-widget-container\">\n\t\t\t<h2 class=\"elementor-heading-title elementor-size-xl\"><strong>L<\/strong>e bureau de l'association<\/h2>\t\t<\/div>\n\t\t\t\t<\/div>\n\t\t\t\t\t<\/div>\n\t\t<\/div>\n\t\t\t\t<div class=\"elementor-column elementor-col-50 elementor-inner-column elementor-element elementor-element-c9056d8\" data-id=\"c9056d8\" data-element_type=\"column\">\n\t\t\t<div class=\"elementor-widget-wrap elementor-element-populated\">\n\t\t\t\t\t\t\t\t<div class=\"elementor-element elementor-element-e4c59d5 elementor-widget elementor-widget-image\" data-id=\"e4c59d5\" data-element_type=\"widget\" data-widget_type=\"image.default\">\n\t\t\t\t<div class=\"elementor-widget-container\">\n\t\t\t\t\t\t\t\t\t\t\t\t\t\t\t<img width=\"1024\" height=\"768\" src=\"https:\/\/domainedesa.fr\/wp-content\/uploads\/2025\/08\/Bureau-asso-2025.jpg\" class=\"attachment-full size-full\" alt=\"\" loading=\"lazy\" srcset=\"https:\/\/domainedesa.fr\/wp-content\/uploads\/2025\/08\/Bureau-asso-2025.jpg 1024w, https:\/\/domainedesa.fr\/wp-content\/uploads\/2025\/08\/Bureau-asso-2025-300x225.jpg 300w, https:\/\/domainedesa.fr\/wp-content\/uploads\/2025\/08\/Bureau-asso-2025-768x576.jpg 768w\" sizes=\"(max-width: 1024px) 100vw, 1024px\" \/>\t\t\t\t\t\t\t\t\t\t\t\t\t\t\t<\/div>\n\t\t\t\t<\/div>\n\t\t\t\t\t<\/div>\n\t\t<\/div>\n\t\t\t\t\t\t\t<\/div>\n\t\t<\/section>\n\t\t\t\t\t<\/div>\n\t\t<\/div>\n\t\t\t\t\t\t\t<\/div>\n\t\t<\/section>\n\t\t\t\t\t\t<\/div>\n\t\t\t\t\t<\/div>\n\t\t","protected":false},"excerpt":{"rendered":"<p>Pr\u00e9sentation du Collectif du Domaine des A \u00a0 Le Collectif du Domaine des A est l&rsquo;association sportive de loi 1901 du centre \u00e9questre. N\u00e9e en novembre 2016 de la volont\u00e9 d\u2019un groupe d\u2019amis d\u2019aider Ana\u00efs et son \u00e9tablissement \u00e0 se d\u00e9velopper, se faire conna\u00eetre,\u2026 l\u2019association a pour objet de :\u00a0\u00a0\u00a0\u00a0 &#8211; Promouvoir une \u00e9quitation respectueuse <a class=\"read-more\" href=\"https:\/\/domainedesa.fr\/index.php\/presentation-de-lassociation\/\">Read More<\/a><\/p>\n","protected":false},"author":1,"featured_media":0,"parent":0,"menu_order":0,"comment_status":"closed","ping_status":"closed","template":"","meta":[],"yoast_head":"<!-- This site is optimized with the Yoast SEO plugin v19.4 - https:\/\/yoast.com\/wordpress\/plugins\/seo\/ -->\n<title>- Domaine des A<\/title>\n<meta name=\"robots\" content=\"index, follow, max-snippet:-1, max-image-preview:large, max-video-preview:-1\" \/>\n<link rel=\"canonical\" href=\"http:\/\/domainedesa.fr\/index.php\/presentation-de-lassociation\/\" \/>\n<meta property=\"og:locale\" content=\"fr_FR\" \/>\n<meta property=\"og:type\" content=\"article\" \/>\n<meta property=\"og:title\" content=\"- Domaine des A\" \/>\n<meta property=\"og:description\" content=\"Pr\u00e9sentation du Collectif du Domaine des A \u00a0 Le Collectif du Domaine des A est l&rsquo;association sportive de loi 1901 du centre \u00e9questre. N\u00e9e en novembre 2016 de la volont\u00e9 d\u2019un groupe d\u2019amis d\u2019aider Ana\u00efs et son \u00e9tablissement \u00e0 se d\u00e9velopper, se faire conna\u00eetre,\u2026 l\u2019association a pour objet de :\u00a0\u00a0\u00a0\u00a0 &#8211; Promouvoir une \u00e9quitation respectueuse Read More\" \/>\n<meta property=\"og:url\" content=\"http:\/\/domainedesa.fr\/index.php\/presentation-de-lassociation\/\" \/>\n<meta property=\"og:site_name\" content=\"Domaine des A\" \/>\n<meta property=\"article:modified_time\" content=\"2025-08-10T14:05:12+00:00\" \/>\n<meta property=\"og:image\" content=\"http:\/\/domainedesa.fr\/wp-content\/uploads\/2024\/08\/342708310_262409602922555_5437222240655834022_n.jpg\" \/>\n<meta name=\"twitter:card\" content=\"summary_large_image\" \/>\n<meta name=\"twitter:label1\" content=\"Dur\u00e9e de lecture estim\u00e9e\" \/>\n\t<meta name=\"twitter:data1\" content=\"2 minutes\" \/>\n<script type=\"application\/ld+json\" class=\"yoast-schema-graph\">{\"@context\":\"https:\/\/schema.org\",\"@graph\":[{\"@type\":\"WebSite\",\"@id\":\"http:\/\/domainedesa.fr\/#website\",\"url\":\"http:\/\/domainedesa.fr\/\",\"name\":\"Domaine des A\",\"description\":\"\",\"potentialAction\":[{\"@type\":\"SearchAction\",\"target\":{\"@type\":\"EntryPoint\",\"urlTemplate\":\"http:\/\/domainedesa.fr\/?s={search_term_string}\"},\"query-input\":\"required name=search_term_string\"}],\"inLanguage\":\"fr-FR\"},{\"@type\":\"WebPage\",\"@id\":\"http:\/\/domainedesa.fr\/index.php\/presentation-de-lassociation\/\",\"url\":\"http:\/\/domainedesa.fr\/index.php\/presentation-de-lassociation\/\",\"name\":\"- Domaine des A\",\"isPartOf\":{\"@id\":\"http:\/\/domainedesa.fr\/#website\"},\"datePublished\":\"2024-08-28T12:36:58+00:00\",\"dateModified\":\"2025-08-10T14:05:12+00:00\",\"breadcrumb\":{\"@id\":\"http:\/\/domainedesa.fr\/index.php\/presentation-de-lassociation\/#breadcrumb\"},\"inLanguage\":\"fr-FR\",\"potentialAction\":[{\"@type\":\"ReadAction\",\"target\":[\"http:\/\/domainedesa.fr\/index.php\/presentation-de-lassociation\/\"]}]},{\"@type\":\"BreadcrumbList\",\"@id\":\"http:\/\/domainedesa.fr\/index.php\/presentation-de-lassociation\/#breadcrumb\",\"itemListElement\":[{\"@type\":\"ListItem\",\"position\":1,\"name\":\"Accueil\",\"item\":\"https:\/\/domainedesa.fr\/\"},{\"@type\":\"ListItem\",\"position\":2,\"name\":\"\"}]}]}<\/script>\n<!-- \/ Yoast SEO plugin. -->","yoast_head_json":{"title":"- Domaine des A","robots":{"index":"index","follow":"follow","max-snippet":"max-snippet:-1","max-image-preview":"max-image-preview:large","max-video-preview":"max-video-preview:-1"},"canonical":"http:\/\/domainedesa.fr\/index.php\/presentation-de-lassociation\/","og_locale":"fr_FR","og_type":"article","og_title":"- Domaine des A","og_description":"Pr\u00e9sentation du Collectif du Domaine des A \u00a0 Le Collectif du Domaine des A est l&rsquo;association sportive de loi 1901 du centre \u00e9questre. N\u00e9e en novembre 2016 de la volont\u00e9 d\u2019un groupe d\u2019amis d\u2019aider Ana\u00efs et son \u00e9tablissement \u00e0 se d\u00e9velopper, se faire conna\u00eetre,\u2026 l\u2019association a pour objet de :\u00a0\u00a0\u00a0\u00a0 &#8211; Promouvoir une \u00e9quitation respectueuse Read More","og_url":"http:\/\/domainedesa.fr\/index.php\/presentation-de-lassociation\/","og_site_name":"Domaine des A","article_modified_time":"2025-08-10T14:05:12+00:00","og_image":[{"url":"http:\/\/domainedesa.fr\/wp-content\/uploads\/2024\/08\/342708310_262409602922555_5437222240655834022_n.jpg"}],"twitter_card":"summary_large_image","twitter_misc":{"Dur\u00e9e de lecture estim\u00e9e":"2 minutes"},"schema":{"@context":"https:\/\/schema.org","@graph":[{"@type":"WebSite","@id":"http:\/\/domainedesa.fr\/#website","url":"http:\/\/domainedesa.fr\/","name":"Domaine des A","description":"","potentialAction":[{"@type":"SearchAction","target":{"@type":"EntryPoint","urlTemplate":"http:\/\/domainedesa.fr\/?s={search_term_string}"},"query-input":"required name=search_term_string"}],"inLanguage":"fr-FR"},{"@type":"WebPage","@id":"http:\/\/domainedesa.fr\/index.php\/presentation-de-lassociation\/","url":"http:\/\/domainedesa.fr\/index.php\/presentation-de-lassociation\/","name":"- Domaine des A","isPartOf":{"@id":"http:\/\/domainedesa.fr\/#website"},"datePublished":"2024-08-28T12:36:58+00:00","dateModified":"2025-08-10T14:05:12+00:00","breadcrumb":{"@id":"http:\/\/domainedesa.fr\/index.php\/presentation-de-lassociation\/#breadcrumb"},"inLanguage":"fr-FR","potentialAction":[{"@type":"ReadAction","target":["http:\/\/domainedesa.fr\/index.php\/presentation-de-lassociation\/"]}]},{"@type":"BreadcrumbList","@id":"http:\/\/domainedesa.fr\/index.php\/presentation-de-lassociation\/#breadcrumb","itemListElement":[{"@type":"ListItem","position":1,"name":"Accueil","item":"https:\/\/domainedesa.fr\/"},{"@type":"ListItem","position":2,"name":""}]}]}},"_links":{"self":[{"href":"https:\/\/domainedesa.fr\/index.php\/wp-json\/wp\/v2\/pages\/3234"}],"collection":[{"href":"https:\/\/domainedesa.fr\/index.php\/wp-json\/wp\/v2\/pages"}],"about":[{"href":"https:\/\/domainedesa.fr\/index.php\/wp-json\/wp\/v2\/types\/page"}],"author":[{"embeddable":true,"href":"https:\/\/domainedesa.fr\/index.php\/wp-json\/wp\/v2\/users\/1"}],"replies":[{"embeddable":true,"href":"https:\/\/domainedesa.fr\/index.php\/wp-json\/wp\/v2\/comments?post=3234"}],"version-history":[{"count":44,"href":"https:\/\/domainedesa.fr\/index.php\/wp-json\/wp\/v2\/pages\/3234\/revisions"}],"predecessor-version":[{"id":3524,"href":"https:\/\/domainedesa.fr\/index.php\/wp-json\/wp\/v2\/pages\/3234\/revisions\/3524"}],"wp:attachment":[{"href":"https:\/\/domainedesa.fr\/index.php\/wp-json\/wp\/v2\/media?parent=3234"}],"curies":[{"name":"wp","href":"https:\/\/api.w.org\/{rel}","templated":true}]}}