{"id":29,"date":"2021-06-23T10:31:47","date_gmt":"2021-06-23T08:31:47","guid":{"rendered":"http:\/\/domainedesa.fr\/?page_id=29"},"modified":"2024-08-28T13:18:40","modified_gmt":"2024-08-28T11:18:40","slug":"contact","status":"publish","type":"page","link":"https:\/\/domainedesa.fr\/index.php\/contact\/","title":{"rendered":""},"content":{"rendered":"\t\t<div data-elementor-type=\"wp-page\" data-elementor-id=\"29\" class=\"elementor elementor-29\" data-elementor-settings=\"[]\">\n\t\t\t\t\t\t\t<div class=\"elementor-section-wrap\">\n\t\t\t\t\t\t\t<section class=\"elementor-section elementor-top-section elementor-element elementor-element-dacb31b elementor-section-boxed elementor-section-height-default elementor-section-height-default\" data-id=\"dacb31b\" data-element_type=\"section\">\n\t\t\t\t\t\t<div class=\"elementor-container elementor-column-gap-default\">\n\t\t\t\t\t<div class=\"elementor-column elementor-col-100 elementor-top-column elementor-element elementor-element-85330e2\" data-id=\"85330e2\" data-element_type=\"column\">\n\t\t\t<div class=\"elementor-widget-wrap elementor-element-populated\">\n\t\t\t\t\t\t\t\t<div class=\"elementor-element elementor-element-05ebbb0 elementor-widget elementor-widget-image\" data-id=\"05ebbb0\" data-element_type=\"widget\" data-widget_type=\"image.default\">\n\t\t\t\t<div class=\"elementor-widget-container\">\n\t\t\t\t\t\t\t\t\t\t\t\t\t\t\t<img width=\"868\" height=\"169\" src=\"https:\/\/domainedesa.fr\/wp-content\/uploads\/2021\/11\/Sans-titre2-4.jpg\" class=\"attachment-full size-full\" alt=\"\" loading=\"lazy\" srcset=\"https:\/\/domainedesa.fr\/wp-content\/uploads\/2021\/11\/Sans-titre2-4.jpg 868w, https:\/\/domainedesa.fr\/wp-content\/uploads\/2021\/11\/Sans-titre2-4-300x58.jpg 300w, https:\/\/domainedesa.fr\/wp-content\/uploads\/2021\/11\/Sans-titre2-4-768x150.jpg 768w\" sizes=\"(max-width: 868px) 100vw, 868px\" \/>\t\t\t\t\t\t\t\t\t\t\t\t\t\t\t<\/div>\n\t\t\t\t<\/div>\n\t\t\t\t\t<\/div>\n\t\t<\/div>\n\t\t\t\t\t\t\t<\/div>\n\t\t<\/section>\n\t\t\t\t<section class=\"elementor-section elementor-top-section elementor-element elementor-element-cdda17c elementor-section-boxed elementor-section-height-default elementor-section-height-default\" data-id=\"cdda17c\" data-element_type=\"section\">\n\t\t\t\t\t\t<div class=\"elementor-container elementor-column-gap-default\">\n\t\t\t\t\t<div class=\"elementor-column elementor-col-50 elementor-top-column elementor-element elementor-element-97074d3\" data-id=\"97074d3\" data-element_type=\"column\">\n\t\t\t<div class=\"elementor-widget-wrap elementor-element-populated\">\n\t\t\t\t\t\t\t\t<div class=\"elementor-element elementor-element-201eb2a elementor-widget elementor-widget-image\" data-id=\"201eb2a\" data-element_type=\"widget\" data-widget_type=\"image.default\">\n\t\t\t\t<div class=\"elementor-widget-container\">\n\t\t\t\t\t\t\t\t\t\t\t\t\t\t\t<img width=\"150\" height=\"150\" src=\"https:\/\/domainedesa.fr\/wp-content\/uploads\/2021\/06\/logo-150x150.jpg\" class=\"attachment-thumbnail size-thumbnail\" alt=\"\" loading=\"lazy\" \/>\t\t\t\t\t\t\t\t\t\t\t\t\t\t\t<\/div>\n\t\t\t\t<\/div>\n\t\t\t\t<div class=\"elementor-element elementor-element-856bd9f elementor-widget elementor-widget-text-editor\" data-id=\"856bd9f\" data-element_type=\"widget\" data-widget_type=\"text-editor.default\">\n\t\t\t\t<div class=\"elementor-widget-container\">\n\t\t\t\t\t\t\t<span style=\"font-size: 22px;\">Domaine des A &#8211; Ana\u00efs Berthier<\/span>\t\t\t\t\t\t<\/div>\n\t\t\t\t<\/div>\n\t\t\t\t<div class=\"elementor-element elementor-element-7bd291a elementor-widget elementor-widget-image\" data-id=\"7bd291a\" data-element_type=\"widget\" data-widget_type=\"image.default\">\n\t\t\t\t<div class=\"elementor-widget-container\">\n\t\t\t\t\t\t\t\t\t\t\t\t\t\t\t<img width=\"800\" height=\"166\" src=\"https:\/\/domainedesa.fr\/wp-content\/uploads\/2024\/08\/456303002_1077673474086010_3442444030294757539_n-e1724840586564-1024x212.jpg\" class=\"attachment-large size-large\" alt=\"\" loading=\"lazy\" srcset=\"https:\/\/domainedesa.fr\/wp-content\/uploads\/2024\/08\/456303002_1077673474086010_3442444030294757539_n-e1724840586564-1024x212.jpg 1024w, https:\/\/domainedesa.fr\/wp-content\/uploads\/2024\/08\/456303002_1077673474086010_3442444030294757539_n-e1724840586564-300x62.jpg 300w, https:\/\/domainedesa.fr\/wp-content\/uploads\/2024\/08\/456303002_1077673474086010_3442444030294757539_n-e1724840586564-768x159.jpg 768w, https:\/\/domainedesa.fr\/wp-content\/uploads\/2024\/08\/456303002_1077673474086010_3442444030294757539_n-e1724840586564-1536x319.jpg 1536w, https:\/\/domainedesa.fr\/wp-content\/uploads\/2024\/08\/456303002_1077673474086010_3442444030294757539_n-e1724840586564.jpg 2000w\" sizes=\"(max-width: 800px) 100vw, 800px\" \/>\t\t\t\t\t\t\t\t\t\t\t\t\t\t\t<\/div>\n\t\t\t\t<\/div>\n\t\t\t\t<div class=\"elementor-element elementor-element-c25abfe elementor-widget elementor-widget-text-editor\" data-id=\"c25abfe\" data-element_type=\"widget\" data-widget_type=\"text-editor.default\">\n\t\t\t\t<div class=\"elementor-widget-container\">\n\t\t\t\t\t\t\t<p>Chambourg 37130 Br\u00e9h\u00e9mont<\/p>\n<h5><i>(prendre Rue des Batailleaux)<\/i><\/h5>\t\t\t\t\t\t<\/div>\n\t\t\t\t<\/div>\n\t\t\t\t<div class=\"elementor-element elementor-element-95d081e elementor-widget elementor-widget-text-editor\" data-id=\"95d081e\" data-element_type=\"widget\" data-widget_type=\"text-editor.default\">\n\t\t\t\t<div class=\"elementor-widget-container\">\n\t\t\t\t\t\t\t<p>T\u00e9l. : 06 70 57 20 07<\/p>\t\t\t\t\t\t<\/div>\n\t\t\t\t<\/div>\n\t\t\t\t<div class=\"elementor-element elementor-element-fbbd52a elementor-widget elementor-widget-text-editor\" data-id=\"fbbd52a\" data-element_type=\"widget\" data-widget_type=\"text-editor.default\">\n\t\t\t\t<div class=\"elementor-widget-container\">\n\t\t\t\t\t\t\t<h1 style=\"font-style: normal;\"><u style=\"color: #2ea3f2; font-family: inherit; font-size: large; font-style: inherit; font-weight: inherit;\">domainedesa@gmail.com<\/u><\/h1>\t\t\t\t\t\t<\/div>\n\t\t\t\t<\/div>\n\t\t\t\t<div class=\"elementor-element elementor-element-73b6ebd elementor-widget elementor-widget-text-editor\" data-id=\"73b6ebd\" data-element_type=\"widget\" data-widget_type=\"text-editor.default\">\n\t\t\t\t<div class=\"elementor-widget-container\">\n\t\t\t\t\t\t\t\t\t\t\t\t\t<\/div>\n\t\t\t\t<\/div>\n\t\t\t\t\t<\/div>\n\t\t<\/div>\n\t\t\t\t<div class=\"elementor-column elementor-col-50 elementor-top-column elementor-element elementor-element-0df1dca\" data-id=\"0df1dca\" data-element_type=\"column\">\n\t\t\t<div class=\"elementor-widget-wrap elementor-element-populated\">\n\t\t\t\t\t\t\t\t<div class=\"elementor-element elementor-element-7d28abd elementor-widget elementor-widget-heading\" data-id=\"7d28abd\" data-element_type=\"widget\" data-widget_type=\"heading.default\">\n\t\t\t\t<div class=\"elementor-widget-container\">\n\t\t\t<h2 class=\"elementor-heading-title elementor-size-default\">\n<\/h2>\t\t<\/div>\n\t\t\t\t<\/div>\n\t\t\t\t\t<\/div>\n\t\t<\/div>\n\t\t\t\t\t\t\t<\/div>\n\t\t<\/section>\n\t\t\t\t<section class=\"elementor-section elementor-top-section elementor-element elementor-element-5888bc7 elementor-section-boxed elementor-section-height-default elementor-section-height-default\" data-id=\"5888bc7\" data-element_type=\"section\">\n\t\t\t\t\t\t<div class=\"elementor-container elementor-column-gap-default\">\n\t\t\t\t\t<div class=\"elementor-column elementor-col-100 elementor-top-column elementor-element elementor-element-2489b13\" data-id=\"2489b13\" data-element_type=\"column\">\n\t\t\t<div class=\"elementor-widget-wrap\">\n\t\t\t\t\t\t\t\t\t<\/div>\n\t\t<\/div>\n\t\t\t\t\t\t\t<\/div>\n\t\t<\/section>\n\t\t\t\t<section class=\"elementor-section elementor-top-section elementor-element elementor-element-202a208 elementor-section-boxed elementor-section-height-default elementor-section-height-default\" data-id=\"202a208\" data-element_type=\"section\">\n\t\t\t\t\t\t<div class=\"elementor-container elementor-column-gap-default\">\n\t\t\t\t\t<div class=\"elementor-column elementor-col-100 elementor-top-column elementor-element elementor-element-3b1306d\" data-id=\"3b1306d\" data-element_type=\"column\">\n\t\t\t<div class=\"elementor-widget-wrap elementor-element-populated\">\n\t\t\t\t\t\t\t\t<div class=\"elementor-element elementor-element-ba5a94d elementor-widget elementor-widget-heading\" data-id=\"ba5a94d\" data-element_type=\"widget\" data-widget_type=\"heading.default\">\n\t\t\t\t<div class=\"elementor-widget-container\">\n\t\t\t<h2 class=\"elementor-heading-title elementor-size-default\">Plan d'acc\u00e8s<\/h2>\t\t<\/div>\n\t\t\t\t<\/div>\n\t\t\t\t\t<\/div>\n\t\t<\/div>\n\t\t\t\t\t\t\t<\/div>\n\t\t<\/section>\n\t\t\t\t<section class=\"elementor-section elementor-top-section elementor-element elementor-element-e742a91 elementor-section-boxed elementor-section-height-default elementor-section-height-default\" data-id=\"e742a91\" data-element_type=\"section\">\n\t\t\t\t\t\t<div class=\"elementor-container elementor-column-gap-default\">\n\t\t\t\t\t<div class=\"elementor-column elementor-col-16 elementor-top-column elementor-element elementor-element-3c4bd74\" data-id=\"3c4bd74\" data-element_type=\"column\">\n\t\t\t<div class=\"elementor-widget-wrap\">\n\t\t\t\t\t\t\t\t\t<\/div>\n\t\t<\/div>\n\t\t\t\t<div class=\"elementor-column elementor-col-66 elementor-top-column elementor-element elementor-element-a7721af\" data-id=\"a7721af\" data-element_type=\"column\">\n\t\t\t<div class=\"elementor-widget-wrap elementor-element-populated\">\n\t\t\t\t\t\t\t\t<div class=\"elementor-element elementor-element-96dcfce elementor-widget elementor-widget-google_maps\" data-id=\"96dcfce\" data-element_type=\"widget\" data-widget_type=\"google_maps.default\">\n\t\t\t\t<div class=\"elementor-widget-container\">\n\t\t\t\t\t<div class=\"elementor-custom-embed\">\n\t\t\t<iframe frameborder=\"0\" scrolling=\"no\" marginheight=\"0\" marginwidth=\"0\"\n\t\t\t\t\tsrc=\"https:\/\/maps.google.com\/maps?q=Domaine%20des%20A%20-%20Anais%20Berthier%2C%20Rue%20de%20Chambourg%2C%20Br%C3%A9h%C3%A9mont&#038;t=m&#038;z=10&#038;output=embed&#038;iwloc=near\"\n\t\t\t\t\ttitle=\"Domaine des A - Anais Berthier, Rue de Chambourg, Br\u00e9h\u00e9mont\"\n\t\t\t\t\taria-label=\"Domaine des A - Anais Berthier, Rue de Chambourg, Br\u00e9h\u00e9mont\"\n\t\t\t><\/iframe>\n\t\t<\/div>\n\t\t\t\t<\/div>\n\t\t\t\t<\/div>\n\t\t\t\t\t<\/div>\n\t\t<\/div>\n\t\t\t\t<div class=\"elementor-column elementor-col-16 elementor-top-column elementor-element elementor-element-424f65b\" data-id=\"424f65b\" data-element_type=\"column\">\n\t\t\t<div class=\"elementor-widget-wrap\">\n\t\t\t\t\t\t\t\t\t<\/div>\n\t\t<\/div>\n\t\t\t\t\t\t\t<\/div>\n\t\t<\/section>\n\t\t\t\t<section class=\"elementor-section elementor-top-section elementor-element elementor-element-50436cd elementor-section-boxed elementor-section-height-default elementor-section-height-default\" data-id=\"50436cd\" data-element_type=\"section\">\n\t\t\t\t\t\t<div class=\"elementor-container elementor-column-gap-default\">\n\t\t\t\t\t<div class=\"elementor-column elementor-col-100 elementor-top-column elementor-element elementor-element-8d02453\" data-id=\"8d02453\" data-element_type=\"column\">\n\t\t\t<div class=\"elementor-widget-wrap\">\n\t\t\t\t\t\t\t\t\t<\/div>\n\t\t<\/div>\n\t\t\t\t\t\t\t<\/div>\n\t\t<\/section>\n\t\t\t\t\t\t<\/div>\n\t\t\t\t\t<\/div>\n\t\t","protected":false},"excerpt":{"rendered":"<p>Domaine des A &#8211; Ana\u00efs Berthier Chambourg 37130 Br\u00e9h\u00e9mont (prendre Rue des Batailleaux) T\u00e9l. : 06 70 57 20 07 domainedesa@gmail.com Plan d&rsquo;acc\u00e8s<\/p>\n","protected":false},"author":1,"featured_media":0,"parent":0,"menu_order":0,"comment_status":"closed","ping_status":"closed","template":"","meta":[],"yoast_head":"<!-- This site is optimized with the Yoast SEO plugin v19.4 - https:\/\/yoast.com\/wordpress\/plugins\/seo\/ -->\n<title>- Domaine des A<\/title>\n<meta name=\"robots\" content=\"index, follow, max-snippet:-1, max-image-preview:large, max-video-preview:-1\" \/>\n<link rel=\"canonical\" href=\"https:\/\/domainedesa.fr\/index.php\/contact\/\" \/>\n<meta property=\"og:locale\" content=\"fr_FR\" \/>\n<meta property=\"og:type\" content=\"article\" \/>\n<meta property=\"og:title\" content=\"- Domaine des A\" \/>\n<meta property=\"og:description\" content=\"Domaine des A &#8211; Ana\u00efs Berthier Chambourg 37130 Br\u00e9h\u00e9mont (prendre Rue des Batailleaux) T\u00e9l. : 06 70 57 20 07 domainedesa@gmail.com Plan d&rsquo;acc\u00e8s\" \/>\n<meta property=\"og:url\" content=\"https:\/\/domainedesa.fr\/index.php\/contact\/\" \/>\n<meta property=\"og:site_name\" content=\"Domaine des A\" \/>\n<meta property=\"article:modified_time\" content=\"2024-08-28T11:18:40+00:00\" \/>\n<meta property=\"og:image\" content=\"http:\/\/domainedesa.fr\/wp-content\/uploads\/2021\/11\/Sans-titre2-4.jpg\" \/>\n<meta name=\"twitter:card\" content=\"summary_large_image\" \/>\n<meta name=\"twitter:label1\" content=\"Dur\u00e9e de lecture estim\u00e9e\" \/>\n\t<meta name=\"twitter:data1\" content=\"1 minute\" \/>\n<script type=\"application\/ld+json\" class=\"yoast-schema-graph\">{\"@context\":\"https:\/\/schema.org\",\"@graph\":[{\"@type\":\"WebSite\",\"@id\":\"http:\/\/domainedesa.fr\/#website\",\"url\":\"http:\/\/domainedesa.fr\/\",\"name\":\"Domaine des A\",\"description\":\"\",\"potentialAction\":[{\"@type\":\"SearchAction\",\"target\":{\"@type\":\"EntryPoint\",\"urlTemplate\":\"http:\/\/domainedesa.fr\/?s={search_term_string}\"},\"query-input\":\"required name=search_term_string\"}],\"inLanguage\":\"fr-FR\"},{\"@type\":\"WebPage\",\"@id\":\"https:\/\/domainedesa.fr\/index.php\/contact\/\",\"url\":\"https:\/\/domainedesa.fr\/index.php\/contact\/\",\"name\":\"- Domaine des A\",\"isPartOf\":{\"@id\":\"http:\/\/domainedesa.fr\/#website\"},\"datePublished\":\"2021-06-23T08:31:47+00:00\",\"dateModified\":\"2024-08-28T11:18:40+00:00\",\"breadcrumb\":{\"@id\":\"https:\/\/domainedesa.fr\/index.php\/contact\/#breadcrumb\"},\"inLanguage\":\"fr-FR\",\"potentialAction\":[{\"@type\":\"ReadAction\",\"target\":[\"https:\/\/domainedesa.fr\/index.php\/contact\/\"]}]},{\"@type\":\"BreadcrumbList\",\"@id\":\"https:\/\/domainedesa.fr\/index.php\/contact\/#breadcrumb\",\"itemListElement\":[{\"@type\":\"ListItem\",\"position\":1,\"name\":\"Accueil\",\"item\":\"https:\/\/domainedesa.fr\/\"},{\"@type\":\"ListItem\",\"position\":2,\"name\":\"\"}]}]}<\/script>\n<!-- \/ Yoast SEO plugin. -->","yoast_head_json":{"title":"- Domaine des A","robots":{"index":"index","follow":"follow","max-snippet":"max-snippet:-1","max-image-preview":"max-image-preview:large","max-video-preview":"max-video-preview:-1"},"canonical":"https:\/\/domainedesa.fr\/index.php\/contact\/","og_locale":"fr_FR","og_type":"article","og_title":"- Domaine des A","og_description":"Domaine des A &#8211; Ana\u00efs Berthier Chambourg 37130 Br\u00e9h\u00e9mont (prendre Rue des Batailleaux) T\u00e9l. : 06 70 57 20 07 domainedesa@gmail.com Plan d&rsquo;acc\u00e8s","og_url":"https:\/\/domainedesa.fr\/index.php\/contact\/","og_site_name":"Domaine des A","article_modified_time":"2024-08-28T11:18:40+00:00","og_image":[{"url":"http:\/\/domainedesa.fr\/wp-content\/uploads\/2021\/11\/Sans-titre2-4.jpg"}],"twitter_card":"summary_large_image","twitter_misc":{"Dur\u00e9e de lecture estim\u00e9e":"1 minute"},"schema":{"@context":"https:\/\/schema.org","@graph":[{"@type":"WebSite","@id":"http:\/\/domainedesa.fr\/#website","url":"http:\/\/domainedesa.fr\/","name":"Domaine des A","description":"","potentialAction":[{"@type":"SearchAction","target":{"@type":"EntryPoint","urlTemplate":"http:\/\/domainedesa.fr\/?s={search_term_string}"},"query-input":"required name=search_term_string"}],"inLanguage":"fr-FR"},{"@type":"WebPage","@id":"https:\/\/domainedesa.fr\/index.php\/contact\/","url":"https:\/\/domainedesa.fr\/index.php\/contact\/","name":"- Domaine des A","isPartOf":{"@id":"http:\/\/domainedesa.fr\/#website"},"datePublished":"2021-06-23T08:31:47+00:00","dateModified":"2024-08-28T11:18:40+00:00","breadcrumb":{"@id":"https:\/\/domainedesa.fr\/index.php\/contact\/#breadcrumb"},"inLanguage":"fr-FR","potentialAction":[{"@type":"ReadAction","target":["https:\/\/domainedesa.fr\/index.php\/contact\/"]}]},{"@type":"BreadcrumbList","@id":"https:\/\/domainedesa.fr\/index.php\/contact\/#breadcrumb","itemListElement":[{"@type":"ListItem","position":1,"name":"Accueil","item":"https:\/\/domainedesa.fr\/"},{"@type":"ListItem","position":2,"name":""}]}]}},"_links":{"self":[{"href":"https:\/\/domainedesa.fr\/index.php\/wp-json\/wp\/v2\/pages\/29"}],"collection":[{"href":"https:\/\/domainedesa.fr\/index.php\/wp-json\/wp\/v2\/pages"}],"about":[{"href":"https:\/\/domainedesa.fr\/index.php\/wp-json\/wp\/v2\/types\/page"}],"author":[{"embeddable":true,"href":"https:\/\/domainedesa.fr\/index.php\/wp-json\/wp\/v2\/users\/1"}],"replies":[{"embeddable":true,"href":"https:\/\/domainedesa.fr\/index.php\/wp-json\/wp\/v2\/comments?post=29"}],"version-history":[{"count":172,"href":"https:\/\/domainedesa.fr\/index.php\/wp-json\/wp\/v2\/pages\/29\/revisions"}],"predecessor-version":[{"id":3229,"href":"https:\/\/domainedesa.fr\/index.php\/wp-json\/wp\/v2\/pages\/29\/revisions\/3229"}],"wp:attachment":[{"href":"https:\/\/domainedesa.fr\/index.php\/wp-json\/wp\/v2\/media?parent=29"}],"curies":[{"name":"wp","href":"https:\/\/api.w.org\/{rel}","templated":true}]}}