{"id":25,"date":"2021-06-23T10:31:46","date_gmt":"2021-06-23T08:31:46","guid":{"rendered":"http:\/\/domainedesa.fr\/?page_id=25"},"modified":"2024-08-28T12:06:33","modified_gmt":"2024-08-28T10:06:33","slug":"travail-et-valorisation","status":"publish","type":"page","link":"https:\/\/domainedesa.fr\/index.php\/travail-et-valorisation\/","title":{"rendered":""},"content":{"rendered":"\t\t<div data-elementor-type=\"wp-page\" data-elementor-id=\"25\" class=\"elementor elementor-25\" data-elementor-settings=\"[]\">\n\t\t\t\t\t\t\t<div class=\"elementor-section-wrap\">\n\t\t\t\t\t\t\t<section class=\"elementor-section elementor-top-section elementor-element elementor-element-ed73eb7 elementor-section-boxed elementor-section-height-default elementor-section-height-default\" data-id=\"ed73eb7\" data-element_type=\"section\">\n\t\t\t\t\t\t<div class=\"elementor-container elementor-column-gap-default\">\n\t\t\t\t\t<div class=\"elementor-column elementor-col-100 elementor-top-column elementor-element elementor-element-968602d\" data-id=\"968602d\" data-element_type=\"column\">\n\t\t\t<div class=\"elementor-widget-wrap elementor-element-populated\">\n\t\t\t\t\t\t\t\t<div class=\"elementor-element elementor-element-eed8fa4 elementor-widget elementor-widget-image\" data-id=\"eed8fa4\" data-element_type=\"widget\" data-widget_type=\"image.default\">\n\t\t\t\t<div class=\"elementor-widget-container\">\n\t\t\t\t\t\t\t\t\t\t\t\t\t\t\t<img width=\"2560\" height=\"1139\" src=\"https:\/\/domainedesa.fr\/wp-content\/uploads\/2024\/08\/IMG_4661-scaled.jpg\" class=\"attachment-full size-full\" alt=\"\" loading=\"lazy\" srcset=\"https:\/\/domainedesa.fr\/wp-content\/uploads\/2024\/08\/IMG_4661-scaled.jpg 2560w, https:\/\/domainedesa.fr\/wp-content\/uploads\/2024\/08\/IMG_4661-300x133.jpg 300w, https:\/\/domainedesa.fr\/wp-content\/uploads\/2024\/08\/IMG_4661-1024x456.jpg 1024w, https:\/\/domainedesa.fr\/wp-content\/uploads\/2024\/08\/IMG_4661-768x342.jpg 768w, https:\/\/domainedesa.fr\/wp-content\/uploads\/2024\/08\/IMG_4661-1536x683.jpg 1536w, https:\/\/domainedesa.fr\/wp-content\/uploads\/2024\/08\/IMG_4661-2048x911.jpg 2048w\" sizes=\"(max-width: 2560px) 100vw, 2560px\" \/>\t\t\t\t\t\t\t\t\t\t\t\t\t\t\t<\/div>\n\t\t\t\t<\/div>\n\t\t\t\t<div class=\"elementor-element elementor-element-3bcf748 elementor-widget elementor-widget-heading\" data-id=\"3bcf748\" data-element_type=\"widget\" data-widget_type=\"heading.default\">\n\t\t\t\t<div class=\"elementor-widget-container\">\n\t\t\t<h2 class=\"elementor-heading-title elementor-size-default\"><span style=\"color: rgb(0, 100, 137); font-family: &quot;Kaushan Script&quot;, sans-serif; font-size: 40px; font-style: normal; font-weight: 600;\">Travail et valorisation<\/span><\/h2>\t\t<\/div>\n\t\t\t\t<\/div>\n\t\t\t\t\t<\/div>\n\t\t<\/div>\n\t\t\t\t\t\t\t<\/div>\n\t\t<\/section>\n\t\t\t\t<section class=\"elementor-section elementor-top-section elementor-element elementor-element-0236a6f elementor-section-boxed elementor-section-height-default elementor-section-height-default\" data-id=\"0236a6f\" data-element_type=\"section\">\n\t\t\t\t\t\t<div class=\"elementor-container elementor-column-gap-default\">\n\t\t\t\t\t<div class=\"elementor-column elementor-col-100 elementor-top-column elementor-element elementor-element-7eeaeca\" data-id=\"7eeaeca\" data-element_type=\"column\">\n\t\t\t<div class=\"elementor-widget-wrap elementor-element-populated\">\n\t\t\t\t\t\t\t\t\t<\/div>\n\t\t<\/div>\n\t\t\t\t\t\t\t<\/div>\n\t\t<\/section>\n\t\t\t\t<section class=\"elementor-section elementor-top-section elementor-element elementor-element-744283b elementor-section-boxed elementor-section-height-default elementor-section-height-default\" data-id=\"744283b\" data-element_type=\"section\">\n\t\t\t\t\t\t<div class=\"elementor-container elementor-column-gap-default\">\n\t\t\t\t\t<div class=\"elementor-column elementor-col-66 elementor-top-column elementor-element elementor-element-efbdf94\" data-id=\"efbdf94\" data-element_type=\"column\">\n\t\t\t<div class=\"elementor-widget-wrap elementor-element-populated\">\n\t\t\t\t\t\t\t\t<div class=\"elementor-element elementor-element-54f7f10 elementor-widget elementor-widget-text-editor\" data-id=\"54f7f10\" data-element_type=\"widget\" data-widget_type=\"text-editor.default\">\n\t\t\t\t<div class=\"elementor-widget-container\">\n\t\t\t\t\t\t\t<p style=\"text-align: center;\"><span style=\"letter-spacing: 0px;\">\u00ab Accepter de perdre du temps dans l&rsquo;imm\u00e9diat permet souvent d&rsquo;en gagner \u00e0 long terme <\/span><span style=\"letter-spacing: 0px;\">\u00bb<\/span><span style=\"letter-spacing: 0px;\"><br \/><\/span><\/p>\t\t\t\t\t\t<\/div>\n\t\t\t\t<\/div>\n\t\t\t\t\t<\/div>\n\t\t<\/div>\n\t\t\t\t<div class=\"elementor-column elementor-col-33 elementor-top-column elementor-element elementor-element-27cf8f7\" data-id=\"27cf8f7\" data-element_type=\"column\">\n\t\t\t<div class=\"elementor-widget-wrap elementor-element-populated\">\n\t\t\t\t\t\t\t\t<div class=\"elementor-element elementor-element-79bf6c4 elementor-widget elementor-widget-text-editor\" data-id=\"79bf6c4\" data-element_type=\"widget\" data-widget_type=\"text-editor.default\">\n\t\t\t\t<div class=\"elementor-widget-container\">\n\t\t\t\t\t\t\t<p>Andy Booth<\/p>\t\t\t\t\t\t<\/div>\n\t\t\t\t<\/div>\n\t\t\t\t\t<\/div>\n\t\t<\/div>\n\t\t\t\t\t\t\t<\/div>\n\t\t<\/section>\n\t\t\t\t<section class=\"elementor-section elementor-top-section elementor-element elementor-element-7ed8e15 elementor-section-boxed elementor-section-height-default elementor-section-height-default\" data-id=\"7ed8e15\" data-element_type=\"section\">\n\t\t\t\t\t\t<div class=\"elementor-container elementor-column-gap-default\">\n\t\t\t\t\t<div class=\"elementor-column elementor-col-100 elementor-top-column elementor-element elementor-element-1710086\" data-id=\"1710086\" data-element_type=\"column\">\n\t\t\t<div class=\"elementor-widget-wrap elementor-element-populated\">\n\t\t\t\t\t\t\t\t<div class=\"elementor-element elementor-element-3177a4b elementor-widget elementor-widget-text-editor\" data-id=\"3177a4b\" data-element_type=\"widget\" data-widget_type=\"text-editor.default\">\n\t\t\t\t<div class=\"elementor-widget-container\">\n\t\t\t\t\t\t\t<p style=\"font-family: Roboto, sans-serif; font-size: 15px; font-style: normal; font-weight: 400; text-align: justify;\">Du d\u00e9bourrage \u00e0 la comp\u00e9tition, le Domaine des A peut vous accompagner dans le travail, la valorisation et la vente de votre cheval de loisir ou de sport.<\/p><p style=\"font-family: Roboto, sans-serif; font-size: 15px; font-style: normal; font-weight: 400; text-align: justify;\">Selon la formule choisie, votre \u00e9quid\u00e9 sera pensionn\u00e9 au pr\u00e9 ou box\/paddock (avec sortie quotidienne \u00e0 la journ\u00e9e). Ana\u00efs se chargera de la formation de votre compagnon et s\u2019engage \u00e0 offrir un service personnalis\u00e9 et adapt\u00e9 selon vos exigences. Elle met un point d\u2019honneur \u00e0 adapter le travail qu\u2019elle fournit aux besoins de chaque cheval, en fonction de sa morphologie, de sa croissance, de son profil et de sa sant\u00e9.<\/p><p style=\"font-family: Roboto, sans-serif; font-size: 15px; font-style: normal; font-weight: 400; text-align: justify;\"><span style=\"font-size: 14px; text-align: left;\">Elle saura mener vos chevaux vers les objectifs qu\u2019ensemble vous aurez fix\u00e9s :<\/span><\/p><ul style=\"font-family: Roboto, sans-serif; font-size: 15px; font-style: normal; font-weight: 400;\"><li style=\"font-size: 15px; text-align: justify;\"><span style=\"font-size: 14px; text-align: left;\">Pour les chevaux de sport, du circuit SHF aux \u00e9preuves Pro, Ana\u00efs gravira pas \u00e0 pas les \u00e9chelons afin de tirer le meilleur de votre cheval dans le respect de son bien-\u00eatre et de son int\u00e9grit\u00e9.<\/span><\/li><li style=\"font-size: 15px; text-align: justify;\">Pour les chevaux de loisirs, elle veillera \u00e0 entretenir et \u00e0 am\u00e9liorer le perfectionnement de leurs aptitudes (travail en carri\u00e8re, ext\u00e9rieur, &#8230;).<\/li><\/ul><p style=\"font-family: Roboto, sans-serif; font-size: 15px; font-style: normal; font-weight: 400; text-align: justify;\">Le plus du Domaine des A est sans conteste les connaissances et comp\u00e9tences d\u2019Ana\u00efs en \u00e9quitation \u00e9thologique. Outre son exp\u00e9rience de cavali\u00e8re professionnelle, Ana\u00efs est \u00e9galement dipl\u00f4m\u00e9e BFEE1 et BFEE2. Elle met ainsi un point d\u2019honneur \u00e0 inculquer des bases saines et solides \u00e0 votre cheval car elles seront les fondations de sa carri\u00e8re, de ses performances et de votre relation.<\/p><p style=\"font-family: Roboto, sans-serif; font-size: 15px; font-style: normal; font-weight: 400; text-align: justify;\">\u2192 Tarif sur mesure selon vos besoins, les objectifs,&#8230; N&rsquo;h\u00e9sitez pas \u00e0 nous contacter pour de plus amples renseignements.<\/p>\t\t\t\t\t\t<\/div>\n\t\t\t\t<\/div>\n\t\t\t\t\t<\/div>\n\t\t<\/div>\n\t\t\t\t\t\t\t<\/div>\n\t\t<\/section>\n\t\t\t\t<section class=\"elementor-section elementor-top-section elementor-element elementor-element-570e280 elementor-section-boxed elementor-section-height-default elementor-section-height-default\" data-id=\"570e280\" data-element_type=\"section\">\n\t\t\t\t\t\t<div class=\"elementor-container elementor-column-gap-default\">\n\t\t\t\t\t<div class=\"elementor-column elementor-col-33 elementor-top-column elementor-element elementor-element-f672466\" data-id=\"f672466\" data-element_type=\"column\">\n\t\t\t<div class=\"elementor-widget-wrap elementor-element-populated\">\n\t\t\t\t\t\t\t\t<div class=\"elementor-element elementor-element-ab9818b elementor-widget elementor-widget-image\" data-id=\"ab9818b\" data-element_type=\"widget\" data-widget_type=\"image.default\">\n\t\t\t\t<div class=\"elementor-widget-container\">\n\t\t\t\t\t\t\t\t\t\t\t\t\t\t\t\t<a href=\"http:\/\/domainedesa.fr\/wp-content\/uploads\/2024\/08\/442408733_10160195910788790_6216098476779171618_n.jpg\" data-elementor-open-lightbox=\"yes\">\n\t\t\t\t\t\t\t<img width=\"800\" height=\"533\" src=\"https:\/\/domainedesa.fr\/wp-content\/uploads\/2024\/08\/442408733_10160195910788790_6216098476779171618_n-1024x682.jpg\" class=\"attachment-large size-large\" alt=\"\" loading=\"lazy\" srcset=\"https:\/\/domainedesa.fr\/wp-content\/uploads\/2024\/08\/442408733_10160195910788790_6216098476779171618_n-1024x682.jpg 1024w, https:\/\/domainedesa.fr\/wp-content\/uploads\/2024\/08\/442408733_10160195910788790_6216098476779171618_n-300x200.jpg 300w, https:\/\/domainedesa.fr\/wp-content\/uploads\/2024\/08\/442408733_10160195910788790_6216098476779171618_n-768x511.jpg 768w, https:\/\/domainedesa.fr\/wp-content\/uploads\/2024\/08\/442408733_10160195910788790_6216098476779171618_n-1536x1022.jpg 1536w, https:\/\/domainedesa.fr\/wp-content\/uploads\/2024\/08\/442408733_10160195910788790_6216098476779171618_n.jpg 2048w\" sizes=\"(max-width: 800px) 100vw, 800px\" \/>\t\t\t\t\t\t\t\t<\/a>\n\t\t\t\t\t\t\t\t\t\t\t\t\t\t\t<\/div>\n\t\t\t\t<\/div>\n\t\t\t\t\t<\/div>\n\t\t<\/div>\n\t\t\t\t<div class=\"elementor-column elementor-col-33 elementor-top-column elementor-element elementor-element-c7ec38c\" data-id=\"c7ec38c\" data-element_type=\"column\">\n\t\t\t<div class=\"elementor-widget-wrap elementor-element-populated\">\n\t\t\t\t\t\t\t\t<div class=\"elementor-element elementor-element-c167059 elementor-widget elementor-widget-image\" data-id=\"c167059\" data-element_type=\"widget\" data-widget_type=\"image.default\">\n\t\t\t\t<div class=\"elementor-widget-container\">\n\t\t\t\t\t\t\t\t\t\t\t\t\t\t\t\t<a href=\"http:\/\/domainedesa.fr\/wp-content\/uploads\/2021\/10\/123.jpg\" data-elementor-open-lightbox=\"yes\">\n\t\t\t\t\t\t\t<img width=\"300\" height=\"215\" src=\"https:\/\/domainedesa.fr\/wp-content\/uploads\/2021\/10\/123-300x215.jpg\" class=\"attachment-medium size-medium\" alt=\"\" loading=\"lazy\" srcset=\"https:\/\/domainedesa.fr\/wp-content\/uploads\/2021\/10\/123-300x215.jpg 300w, https:\/\/domainedesa.fr\/wp-content\/uploads\/2021\/10\/123-1024x733.jpg 1024w, https:\/\/domainedesa.fr\/wp-content\/uploads\/2021\/10\/123-768x550.jpg 768w, https:\/\/domainedesa.fr\/wp-content\/uploads\/2021\/10\/123.jpg 1439w\" sizes=\"(max-width: 300px) 100vw, 300px\" \/>\t\t\t\t\t\t\t\t<\/a>\n\t\t\t\t\t\t\t\t\t\t\t\t\t\t\t<\/div>\n\t\t\t\t<\/div>\n\t\t\t\t\t<\/div>\n\t\t<\/div>\n\t\t\t\t<div class=\"elementor-column elementor-col-33 elementor-top-column elementor-element elementor-element-3463d60\" data-id=\"3463d60\" data-element_type=\"column\">\n\t\t\t<div class=\"elementor-widget-wrap elementor-element-populated\">\n\t\t\t\t\t\t\t\t<div class=\"elementor-element elementor-element-1e52075 elementor-widget elementor-widget-image\" data-id=\"1e52075\" data-element_type=\"widget\" data-widget_type=\"image.default\">\n\t\t\t\t<div class=\"elementor-widget-container\">\n\t\t\t\t\t\t\t\t\t\t\t\t\t\t\t\t<a href=\"http:\/\/domainedesa.fr\/wp-content\/uploads\/2024\/08\/339889583_918211469322376_2333203379674773286_n.jpg\" data-elementor-open-lightbox=\"yes\">\n\t\t\t\t\t\t\t<img width=\"800\" height=\"534\" src=\"https:\/\/domainedesa.fr\/wp-content\/uploads\/2024\/08\/339889583_918211469322376_2333203379674773286_n-1024x683.jpg\" class=\"attachment-large size-large\" alt=\"\" loading=\"lazy\" srcset=\"https:\/\/domainedesa.fr\/wp-content\/uploads\/2024\/08\/339889583_918211469322376_2333203379674773286_n-1024x683.jpg 1024w, https:\/\/domainedesa.fr\/wp-content\/uploads\/2024\/08\/339889583_918211469322376_2333203379674773286_n-300x200.jpg 300w, https:\/\/domainedesa.fr\/wp-content\/uploads\/2024\/08\/339889583_918211469322376_2333203379674773286_n-768x512.jpg 768w, https:\/\/domainedesa.fr\/wp-content\/uploads\/2024\/08\/339889583_918211469322376_2333203379674773286_n-1536x1025.jpg 1536w, https:\/\/domainedesa.fr\/wp-content\/uploads\/2024\/08\/339889583_918211469322376_2333203379674773286_n.jpg 2048w\" sizes=\"(max-width: 800px) 100vw, 800px\" \/>\t\t\t\t\t\t\t\t<\/a>\n\t\t\t\t\t\t\t\t\t\t\t\t\t\t\t<\/div>\n\t\t\t\t<\/div>\n\t\t\t\t\t<\/div>\n\t\t<\/div>\n\t\t\t\t\t\t\t<\/div>\n\t\t<\/section>\n\t\t\t\t<section class=\"elementor-section elementor-top-section elementor-element elementor-element-3b40682 elementor-section-boxed elementor-section-height-default elementor-section-height-default\" data-id=\"3b40682\" data-element_type=\"section\">\n\t\t\t\t\t\t<div class=\"elementor-container elementor-column-gap-default\">\n\t\t\t\t\t<div class=\"elementor-column elementor-col-100 elementor-top-column elementor-element elementor-element-012ebb4\" data-id=\"012ebb4\" data-element_type=\"column\">\n\t\t\t<div class=\"elementor-widget-wrap\">\n\t\t\t\t\t\t\t\t\t<\/div>\n\t\t<\/div>\n\t\t\t\t\t\t\t<\/div>\n\t\t<\/section>\n\t\t\t\t\t\t<\/div>\n\t\t\t\t\t<\/div>\n\t\t","protected":false},"excerpt":{"rendered":"<p>Travail et valorisation \u00ab Accepter de perdre du temps dans l&rsquo;imm\u00e9diat permet souvent d&rsquo;en gagner \u00e0 long terme \u00bb Andy Booth Du d\u00e9bourrage \u00e0 la comp\u00e9tition, le Domaine des A peut vous accompagner dans le travail, la valorisation et la vente de votre cheval de loisir ou de sport. Selon la formule choisie, votre \u00e9quid\u00e9 <a class=\"read-more\" href=\"https:\/\/domainedesa.fr\/index.php\/travail-et-valorisation\/\">Read More<\/a><\/p>\n","protected":false},"author":1,"featured_media":0,"parent":0,"menu_order":0,"comment_status":"closed","ping_status":"closed","template":"","meta":[],"yoast_head":"<!-- This site is optimized with the Yoast SEO plugin v19.4 - https:\/\/yoast.com\/wordpress\/plugins\/seo\/ -->\n<title>- Domaine des A<\/title>\n<meta name=\"robots\" content=\"index, follow, max-snippet:-1, max-image-preview:large, max-video-preview:-1\" \/>\n<link rel=\"canonical\" href=\"http:\/\/domainedesa.fr\/index.php\/travail-et-valorisation\/\" \/>\n<meta property=\"og:locale\" content=\"fr_FR\" \/>\n<meta property=\"og:type\" content=\"article\" \/>\n<meta property=\"og:title\" content=\"- Domaine des A\" \/>\n<meta property=\"og:description\" content=\"Travail et valorisation \u00ab Accepter de perdre du temps dans l&rsquo;imm\u00e9diat permet souvent d&rsquo;en gagner \u00e0 long terme \u00bb Andy Booth Du d\u00e9bourrage \u00e0 la comp\u00e9tition, le Domaine des A peut vous accompagner dans le travail, la valorisation et la vente de votre cheval de loisir ou de sport. Selon la formule choisie, votre \u00e9quid\u00e9 Read More\" \/>\n<meta property=\"og:url\" content=\"http:\/\/domainedesa.fr\/index.php\/travail-et-valorisation\/\" \/>\n<meta property=\"og:site_name\" content=\"Domaine des A\" \/>\n<meta property=\"article:modified_time\" content=\"2024-08-28T10:06:33+00:00\" \/>\n<meta property=\"og:image\" content=\"http:\/\/domainedesa.fr\/wp-content\/uploads\/2024\/08\/IMG_4661-scaled.jpg\" \/>\n<meta name=\"twitter:card\" content=\"summary_large_image\" \/>\n<meta name=\"twitter:label1\" content=\"Dur\u00e9e de lecture estim\u00e9e\" \/>\n\t<meta name=\"twitter:data1\" content=\"3 minutes\" \/>\n<script type=\"application\/ld+json\" class=\"yoast-schema-graph\">{\"@context\":\"https:\/\/schema.org\",\"@graph\":[{\"@type\":\"WebSite\",\"@id\":\"http:\/\/domainedesa.fr\/#website\",\"url\":\"http:\/\/domainedesa.fr\/\",\"name\":\"Domaine des A\",\"description\":\"\",\"potentialAction\":[{\"@type\":\"SearchAction\",\"target\":{\"@type\":\"EntryPoint\",\"urlTemplate\":\"http:\/\/domainedesa.fr\/?s={search_term_string}\"},\"query-input\":\"required name=search_term_string\"}],\"inLanguage\":\"fr-FR\"},{\"@type\":\"WebPage\",\"@id\":\"http:\/\/domainedesa.fr\/index.php\/travail-et-valorisation\/\",\"url\":\"http:\/\/domainedesa.fr\/index.php\/travail-et-valorisation\/\",\"name\":\"- Domaine des A\",\"isPartOf\":{\"@id\":\"http:\/\/domainedesa.fr\/#website\"},\"datePublished\":\"2021-06-23T08:31:46+00:00\",\"dateModified\":\"2024-08-28T10:06:33+00:00\",\"breadcrumb\":{\"@id\":\"http:\/\/domainedesa.fr\/index.php\/travail-et-valorisation\/#breadcrumb\"},\"inLanguage\":\"fr-FR\",\"potentialAction\":[{\"@type\":\"ReadAction\",\"target\":[\"http:\/\/domainedesa.fr\/index.php\/travail-et-valorisation\/\"]}]},{\"@type\":\"BreadcrumbList\",\"@id\":\"http:\/\/domainedesa.fr\/index.php\/travail-et-valorisation\/#breadcrumb\",\"itemListElement\":[{\"@type\":\"ListItem\",\"position\":1,\"name\":\"Accueil\",\"item\":\"https:\/\/domainedesa.fr\/\"},{\"@type\":\"ListItem\",\"position\":2,\"name\":\"\"}]}]}<\/script>\n<!-- \/ Yoast SEO plugin. -->","yoast_head_json":{"title":"- Domaine des A","robots":{"index":"index","follow":"follow","max-snippet":"max-snippet:-1","max-image-preview":"max-image-preview:large","max-video-preview":"max-video-preview:-1"},"canonical":"http:\/\/domainedesa.fr\/index.php\/travail-et-valorisation\/","og_locale":"fr_FR","og_type":"article","og_title":"- Domaine des A","og_description":"Travail et valorisation \u00ab Accepter de perdre du temps dans l&rsquo;imm\u00e9diat permet souvent d&rsquo;en gagner \u00e0 long terme \u00bb Andy Booth Du d\u00e9bourrage \u00e0 la comp\u00e9tition, le Domaine des A peut vous accompagner dans le travail, la valorisation et la vente de votre cheval de loisir ou de sport. Selon la formule choisie, votre \u00e9quid\u00e9 Read More","og_url":"http:\/\/domainedesa.fr\/index.php\/travail-et-valorisation\/","og_site_name":"Domaine des A","article_modified_time":"2024-08-28T10:06:33+00:00","og_image":[{"url":"http:\/\/domainedesa.fr\/wp-content\/uploads\/2024\/08\/IMG_4661-scaled.jpg"}],"twitter_card":"summary_large_image","twitter_misc":{"Dur\u00e9e de lecture estim\u00e9e":"3 minutes"},"schema":{"@context":"https:\/\/schema.org","@graph":[{"@type":"WebSite","@id":"http:\/\/domainedesa.fr\/#website","url":"http:\/\/domainedesa.fr\/","name":"Domaine des A","description":"","potentialAction":[{"@type":"SearchAction","target":{"@type":"EntryPoint","urlTemplate":"http:\/\/domainedesa.fr\/?s={search_term_string}"},"query-input":"required name=search_term_string"}],"inLanguage":"fr-FR"},{"@type":"WebPage","@id":"http:\/\/domainedesa.fr\/index.php\/travail-et-valorisation\/","url":"http:\/\/domainedesa.fr\/index.php\/travail-et-valorisation\/","name":"- Domaine des A","isPartOf":{"@id":"http:\/\/domainedesa.fr\/#website"},"datePublished":"2021-06-23T08:31:46+00:00","dateModified":"2024-08-28T10:06:33+00:00","breadcrumb":{"@id":"http:\/\/domainedesa.fr\/index.php\/travail-et-valorisation\/#breadcrumb"},"inLanguage":"fr-FR","potentialAction":[{"@type":"ReadAction","target":["http:\/\/domainedesa.fr\/index.php\/travail-et-valorisation\/"]}]},{"@type":"BreadcrumbList","@id":"http:\/\/domainedesa.fr\/index.php\/travail-et-valorisation\/#breadcrumb","itemListElement":[{"@type":"ListItem","position":1,"name":"Accueil","item":"https:\/\/domainedesa.fr\/"},{"@type":"ListItem","position":2,"name":""}]}]}},"_links":{"self":[{"href":"https:\/\/domainedesa.fr\/index.php\/wp-json\/wp\/v2\/pages\/25"}],"collection":[{"href":"https:\/\/domainedesa.fr\/index.php\/wp-json\/wp\/v2\/pages"}],"about":[{"href":"https:\/\/domainedesa.fr\/index.php\/wp-json\/wp\/v2\/types\/page"}],"author":[{"embeddable":true,"href":"https:\/\/domainedesa.fr\/index.php\/wp-json\/wp\/v2\/users\/1"}],"replies":[{"embeddable":true,"href":"https:\/\/domainedesa.fr\/index.php\/wp-json\/wp\/v2\/comments?post=25"}],"version-history":[{"count":66,"href":"https:\/\/domainedesa.fr\/index.php\/wp-json\/wp\/v2\/pages\/25\/revisions"}],"predecessor-version":[{"id":3179,"href":"https:\/\/domainedesa.fr\/index.php\/wp-json\/wp\/v2\/pages\/25\/revisions\/3179"}],"wp:attachment":[{"href":"https:\/\/domainedesa.fr\/index.php\/wp-json\/wp\/v2\/media?parent=25"}],"curies":[{"name":"wp","href":"https:\/\/api.w.org\/{rel}","templated":true}]}}